{"id":2011,"date":"2023-10-05T13:47:07","date_gmt":"2023-10-05T11:47:07","guid":{"rendered":"https:\/\/shs-staging.hemsida.eu\/?post_type=product&#038;p=2011"},"modified":"2024-10-08T13:41:41","modified_gmt":"2024-10-08T11:41:41","slug":"noseezz","status":"publish","type":"product","link":"https:\/\/shs-staging.hemsida.eu\/sv\/produkt\/noseezz\/","title":{"rendered":"Noseezz"},"content":{"rendered":"<p>Eftersom barn i \u00e5ldern 0-3 \u00e5r inte sj\u00e4lva kan snyta sig eller reng\u00f6ra sin n\u00e4sa.\u00a0Syftar\u00a0Noseezz n\u00e4s-sug\u00a0till att hj\u00e4lpa barnet att snyta sig och reng\u00f6ra n\u00e4san vid f\u00f6rkylningar.\u00a0Noseezz \u00e4r\u00a0en smidig och enkel n\u00e4ssug som hj\u00e4lper f\u00f6r\u00e4ldrar att reng\u00f6ra barnets n\u00e4sa p\u00e5 ett diskret s\u00e4tt i de flesta situationer<\/p>\n","protected":false},"excerpt":{"rendered":"<p>Noseezz \u00e4r en smidig och enkel n\u00e4ssug som hj\u00e4lper f\u00f6r\u00e4ldrar att reng\u00f6ra barnets n\u00e4sa.<\/p>\n","protected":false},"featured_media":2020,"comment_status":"closed","ping_status":"closed","template":"","meta":{"_acf_changed":false,"_monsterinsights_skip_tracking":false,"_monsterinsights_sitenote_active":false,"_monsterinsights_sitenote_note":"","_monsterinsights_sitenote_category":0},"product_cat":[219,247],"product_tag":[],"class_list":{"0":"post-2011","1":"product","2":"type-product","3":"status-publish","4":"has-post-thumbnail","6":"product_cat-andning-anestesi","7":"product_cat-nassug","9":"first","10":"instock","11":"featured","12":"taxable","13":"shipping-taxable","14":"purchasable","15":"product-type-simple"},"acf":[],"yoast_head":"<!-- This site is optimized with the Yoast SEO plugin v24.1 - https:\/\/yoast.com\/wordpress\/plugins\/seo\/ -->\n<title>Noseezz - Swedish Hospital Supplies<\/title>\n<meta name=\"robots\" content=\"noindex, follow, max-snippet:-1, max-image-preview:large, max-video-preview:-1\" \/>\n<meta property=\"og:locale\" content=\"sv_SE\" \/>\n<meta property=\"og:type\" content=\"article\" \/>\n<meta property=\"og:title\" content=\"Noseezz - Swedish Hospital Supplies\" \/>\n<meta property=\"og:description\" content=\"Noseezz \u00e4r en smidig och enkel n\u00e4ssug som hj\u00e4lper f\u00f6r\u00e4ldrar att reng\u00f6ra barnets n\u00e4sa.\" \/>\n<meta property=\"og:url\" content=\"https:\/\/shs-staging.hemsida.eu\/sv\/produkt\/noseezz\/\" \/>\n<meta property=\"og:site_name\" content=\"Swedish Hospital Supplies\" \/>\n<meta property=\"article:modified_time\" content=\"2024-10-08T11:41:41+00:00\" \/>\n<meta property=\"og:image\" content=\"https:\/\/shs-staging.hemsida.eu\/wp-content\/uploads\/2023\/10\/Produktbild-noseezz.jpeg\" \/>\n\t<meta property=\"og:image:width\" content=\"960\" \/>\n\t<meta property=\"og:image:height\" content=\"1036\" \/>\n\t<meta property=\"og:image:type\" content=\"image\/jpeg\" \/>\n<meta name=\"twitter:card\" content=\"summary_large_image\" \/>\n<meta name=\"twitter:label1\" content=\"Ber\u00e4knad l\u00e4stid\" \/>\n\t<meta name=\"twitter:data1\" content=\"1 minut\" \/>\n<script type=\"application\/ld+json\" class=\"yoast-schema-graph\">{\"@context\":\"https:\/\/schema.org\",\"@graph\":[{\"@type\":\"WebPage\",\"@id\":\"https:\/\/shs-staging.hemsida.eu\/sv\/produkt\/noseezz\/\",\"url\":\"https:\/\/shs-staging.hemsida.eu\/sv\/produkt\/noseezz\/\",\"name\":\"Noseezz - Swedish Hospital Supplies\",\"isPartOf\":{\"@id\":\"http:\/\/shs-staging.hemsida.eu\/en\/#website\"},\"primaryImageOfPage\":{\"@id\":\"https:\/\/shs-staging.hemsida.eu\/sv\/produkt\/noseezz\/#primaryimage\"},\"image\":{\"@id\":\"https:\/\/shs-staging.hemsida.eu\/sv\/produkt\/noseezz\/#primaryimage\"},\"thumbnailUrl\":\"https:\/\/shs-staging.hemsida.eu\/wp-content\/uploads\/2023\/10\/Produktbild-noseezz.jpeg\",\"datePublished\":\"2023-10-05T11:47:07+00:00\",\"dateModified\":\"2024-10-08T11:41:41+00:00\",\"breadcrumb\":{\"@id\":\"https:\/\/shs-staging.hemsida.eu\/sv\/produkt\/noseezz\/#breadcrumb\"},\"inLanguage\":\"sv-SE\",\"potentialAction\":[{\"@type\":\"ReadAction\",\"target\":[\"https:\/\/shs-staging.hemsida.eu\/sv\/produkt\/noseezz\/\"]}]},{\"@type\":\"ImageObject\",\"inLanguage\":\"sv-SE\",\"@id\":\"https:\/\/shs-staging.hemsida.eu\/sv\/produkt\/noseezz\/#primaryimage\",\"url\":\"https:\/\/shs-staging.hemsida.eu\/wp-content\/uploads\/2023\/10\/Produktbild-noseezz.jpeg\",\"contentUrl\":\"https:\/\/shs-staging.hemsida.eu\/wp-content\/uploads\/2023\/10\/Produktbild-noseezz.jpeg\",\"width\":960,\"height\":1036,\"caption\":\"Produktbild noseezz\"},{\"@type\":\"BreadcrumbList\",\"@id\":\"https:\/\/shs-staging.hemsida.eu\/sv\/produkt\/noseezz\/#breadcrumb\",\"itemListElement\":[{\"@type\":\"ListItem\",\"position\":1,\"name\":\"Home\",\"item\":\"https:\/\/shs-staging.hemsida.eu\/sv\/\"},{\"@type\":\"ListItem\",\"position\":2,\"name\":\"Webbutik\",\"item\":\"https:\/\/shs-staging.hemsida.eu\/sv\/butik\/\"},{\"@type\":\"ListItem\",\"position\":3,\"name\":\"Noseezz\"}]},{\"@type\":\"WebSite\",\"@id\":\"http:\/\/shs-staging.hemsida.eu\/en\/#website\",\"url\":\"http:\/\/shs-staging.hemsida.eu\/en\/\",\"name\":\"Swedish Hospital Supplies\",\"description\":\"Produkter f\u00f6r V\u00e5rden, Milit\u00e4ren, Fritid, Polis och R\u00e4ddningstj\u00e4nst\",\"publisher\":{\"@id\":\"http:\/\/shs-staging.hemsida.eu\/en\/#organization\"},\"potentialAction\":[{\"@type\":\"SearchAction\",\"target\":{\"@type\":\"EntryPoint\",\"urlTemplate\":\"http:\/\/shs-staging.hemsida.eu\/en\/?s={search_term_string}\"},\"query-input\":{\"@type\":\"PropertyValueSpecification\",\"valueRequired\":true,\"valueName\":\"search_term_string\"}}],\"inLanguage\":\"sv-SE\"},{\"@type\":\"Organization\",\"@id\":\"http:\/\/shs-staging.hemsida.eu\/en\/#organization\",\"name\":\"Swedish Hospital Supply\",\"url\":\"http:\/\/shs-staging.hemsida.eu\/en\/\",\"logo\":{\"@type\":\"ImageObject\",\"inLanguage\":\"sv-SE\",\"@id\":\"http:\/\/shs-staging.hemsida.eu\/en\/#\/schema\/logo\/image\/\",\"url\":\"https:\/\/shs-staging.hemsida.eu\/wp-content\/uploads\/2020\/10\/SHS-Logo.png\",\"contentUrl\":\"https:\/\/shs-staging.hemsida.eu\/wp-content\/uploads\/2020\/10\/SHS-Logo.png\",\"width\":2720,\"height\":1223,\"caption\":\"Swedish Hospital Supply\"},\"image\":{\"@id\":\"http:\/\/shs-staging.hemsida.eu\/en\/#\/schema\/logo\/image\/\"},\"sameAs\":[\"https:\/\/www.instagram.com\/swedish_hospital_supply_ab\/\"]}]}<\/script>\n<!-- \/ Yoast SEO plugin. -->","yoast_head_json":{"title":"Noseezz - Swedish Hospital Supplies","robots":{"index":"noindex","follow":"follow","max-snippet":"max-snippet:-1","max-image-preview":"max-image-preview:large","max-video-preview":"max-video-preview:-1"},"og_locale":"sv_SE","og_type":"article","og_title":"Noseezz - Swedish Hospital Supplies","og_description":"Noseezz \u00e4r en smidig och enkel n\u00e4ssug som hj\u00e4lper f\u00f6r\u00e4ldrar att reng\u00f6ra barnets n\u00e4sa.","og_url":"https:\/\/shs-staging.hemsida.eu\/sv\/produkt\/noseezz\/","og_site_name":"Swedish Hospital Supplies","article_modified_time":"2024-10-08T11:41:41+00:00","og_image":[{"width":960,"height":1036,"url":"https:\/\/shs-staging.hemsida.eu\/wp-content\/uploads\/2023\/10\/Produktbild-noseezz.jpeg","type":"image\/jpeg"}],"twitter_card":"summary_large_image","twitter_misc":{"Ber\u00e4knad l\u00e4stid":"1 minut"},"schema":{"@context":"https:\/\/schema.org","@graph":[{"@type":"WebPage","@id":"https:\/\/shs-staging.hemsida.eu\/sv\/produkt\/noseezz\/","url":"https:\/\/shs-staging.hemsida.eu\/sv\/produkt\/noseezz\/","name":"Noseezz - Swedish Hospital Supplies","isPartOf":{"@id":"http:\/\/shs-staging.hemsida.eu\/en\/#website"},"primaryImageOfPage":{"@id":"https:\/\/shs-staging.hemsida.eu\/sv\/produkt\/noseezz\/#primaryimage"},"image":{"@id":"https:\/\/shs-staging.hemsida.eu\/sv\/produkt\/noseezz\/#primaryimage"},"thumbnailUrl":"https:\/\/shs-staging.hemsida.eu\/wp-content\/uploads\/2023\/10\/Produktbild-noseezz.jpeg","datePublished":"2023-10-05T11:47:07+00:00","dateModified":"2024-10-08T11:41:41+00:00","breadcrumb":{"@id":"https:\/\/shs-staging.hemsida.eu\/sv\/produkt\/noseezz\/#breadcrumb"},"inLanguage":"sv-SE","potentialAction":[{"@type":"ReadAction","target":["https:\/\/shs-staging.hemsida.eu\/sv\/produkt\/noseezz\/"]}]},{"@type":"ImageObject","inLanguage":"sv-SE","@id":"https:\/\/shs-staging.hemsida.eu\/sv\/produkt\/noseezz\/#primaryimage","url":"https:\/\/shs-staging.hemsida.eu\/wp-content\/uploads\/2023\/10\/Produktbild-noseezz.jpeg","contentUrl":"https:\/\/shs-staging.hemsida.eu\/wp-content\/uploads\/2023\/10\/Produktbild-noseezz.jpeg","width":960,"height":1036,"caption":"Produktbild noseezz"},{"@type":"BreadcrumbList","@id":"https:\/\/shs-staging.hemsida.eu\/sv\/produkt\/noseezz\/#breadcrumb","itemListElement":[{"@type":"ListItem","position":1,"name":"Home","item":"https:\/\/shs-staging.hemsida.eu\/sv\/"},{"@type":"ListItem","position":2,"name":"Webbutik","item":"https:\/\/shs-staging.hemsida.eu\/sv\/butik\/"},{"@type":"ListItem","position":3,"name":"Noseezz"}]},{"@type":"WebSite","@id":"http:\/\/shs-staging.hemsida.eu\/en\/#website","url":"http:\/\/shs-staging.hemsida.eu\/en\/","name":"Swedish Hospital Supplies","description":"Produkter f\u00f6r V\u00e5rden, Milit\u00e4ren, Fritid, Polis och R\u00e4ddningstj\u00e4nst","publisher":{"@id":"http:\/\/shs-staging.hemsida.eu\/en\/#organization"},"potentialAction":[{"@type":"SearchAction","target":{"@type":"EntryPoint","urlTemplate":"http:\/\/shs-staging.hemsida.eu\/en\/?s={search_term_string}"},"query-input":{"@type":"PropertyValueSpecification","valueRequired":true,"valueName":"search_term_string"}}],"inLanguage":"sv-SE"},{"@type":"Organization","@id":"http:\/\/shs-staging.hemsida.eu\/en\/#organization","name":"Swedish Hospital Supply","url":"http:\/\/shs-staging.hemsida.eu\/en\/","logo":{"@type":"ImageObject","inLanguage":"sv-SE","@id":"http:\/\/shs-staging.hemsida.eu\/en\/#\/schema\/logo\/image\/","url":"https:\/\/shs-staging.hemsida.eu\/wp-content\/uploads\/2020\/10\/SHS-Logo.png","contentUrl":"https:\/\/shs-staging.hemsida.eu\/wp-content\/uploads\/2020\/10\/SHS-Logo.png","width":2720,"height":1223,"caption":"Swedish Hospital Supply"},"image":{"@id":"http:\/\/shs-staging.hemsida.eu\/en\/#\/schema\/logo\/image\/"},"sameAs":["https:\/\/www.instagram.com\/swedish_hospital_supply_ab\/"]}]}},"_links":{"self":[{"href":"https:\/\/shs-staging.hemsida.eu\/sv\/wp-json\/wp\/v2\/product\/2011","targetHints":{"allow":["GET"]}}],"collection":[{"href":"https:\/\/shs-staging.hemsida.eu\/sv\/wp-json\/wp\/v2\/product"}],"about":[{"href":"https:\/\/shs-staging.hemsida.eu\/sv\/wp-json\/wp\/v2\/types\/product"}],"replies":[{"embeddable":true,"href":"https:\/\/shs-staging.hemsida.eu\/sv\/wp-json\/wp\/v2\/comments?post=2011"}],"wp:featuredmedia":[{"embeddable":true,"href":"https:\/\/shs-staging.hemsida.eu\/sv\/wp-json\/wp\/v2\/media\/2020"}],"wp:attachment":[{"href":"https:\/\/shs-staging.hemsida.eu\/sv\/wp-json\/wp\/v2\/media?parent=2011"}],"wp:term":[{"taxonomy":"product_cat","embeddable":true,"href":"https:\/\/shs-staging.hemsida.eu\/sv\/wp-json\/wp\/v2\/product_cat?post=2011"},{"taxonomy":"product_tag","embeddable":true,"href":"https:\/\/shs-staging.hemsida.eu\/sv\/wp-json\/wp\/v2\/product_tag?post=2011"}],"curies":[{"name":"wp","href":"https:\/\/api.w.org\/{rel}","templated":true}]}}