{"id":2153,"date":"2024-05-17T13:15:53","date_gmt":"2024-05-17T11:15:53","guid":{"rendered":"https:\/\/shs-staging.hemsida.eu\/?post_type=product&#038;p=2153"},"modified":"2024-10-08T13:31:35","modified_gmt":"2024-10-08T11:31:35","slug":"urimeter-diuresis-plan-sm500","status":"publish","type":"product","link":"http:\/\/shs-staging.hemsida.eu\/sv\/produkt\/urimeter-diuresis-plan-sm500\/","title":{"rendered":"Urimeter, Diuresis Plan SM500"},"content":{"rendered":"<p>Urinm\u00e4tare DIURESIS f\u00f6r urinuppsamling, m\u00e4tning och n\u00e5lfri provtagning. <\/p>\n<p>Avsedd f\u00f6r eng\u00e5ngsbruk. \u00c4r f\u00f6rsedd med s\u00e4kerhetst\u00f6mnings anordning f\u00f6r automatiskt utfl\u00f6de av \u00f6verfl\u00f6dig v\u00e4tska. Plastkrok och s\u00e4kerhetssn\u00f6ren f\u00f6r s\u00e4ngfixering och s\u00e4ker fasts\u00e4ttning p\u00e5 s\u00e4ngram genom justerbara remmar<\/p>\n","protected":false},"excerpt":{"rendered":"<p>Urinm\u00e4tare DIURESIS f\u00f6r urinuppsamling, m\u00e4tning och n\u00e5lfri provtagning.<\/p>\n","protected":false},"featured_media":2154,"comment_status":"closed","ping_status":"closed","template":"","meta":{"_acf_changed":false,"_monsterinsights_skip_tracking":false,"_monsterinsights_sitenote_active":false,"_monsterinsights_sitenote_note":"","_monsterinsights_sitenote_category":0},"product_cat":[213,216],"product_tag":[],"class_list":{"0":"post-2153","1":"product","2":"type-product","3":"status-publish","4":"has-post-thumbnail","6":"product_cat-inkontinens-urologi","7":"product_cat-urimeter","9":"first","10":"instock","11":"taxable","12":"shipping-taxable","13":"product-type-simple"},"acf":[],"yoast_head":"<!-- This site is optimized with the Yoast SEO plugin v24.1 - https:\/\/yoast.com\/wordpress\/plugins\/seo\/ -->\n<title>Urimeter, Diuresis Plan SM500 - Swedish Hospital Supplies<\/title>\n<meta name=\"robots\" content=\"noindex, follow, max-snippet:-1, max-image-preview:large, max-video-preview:-1\" \/>\n<meta property=\"og:locale\" content=\"sv_SE\" \/>\n<meta property=\"og:type\" content=\"article\" \/>\n<meta property=\"og:title\" content=\"Urimeter, Diuresis Plan SM500 - Swedish Hospital Supplies\" \/>\n<meta property=\"og:description\" content=\"Urinm\u00e4tare DIURESIS f\u00f6r urinuppsamling, m\u00e4tning och n\u00e5lfri provtagning.\" \/>\n<meta property=\"og:url\" content=\"http:\/\/shs-staging.hemsida.eu\/sv\/produkt\/urimeter-diuresis-plan-sm500\/\" \/>\n<meta property=\"og:site_name\" content=\"Swedish Hospital Supplies\" \/>\n<meta property=\"article:modified_time\" content=\"2024-10-08T11:31:35+00:00\" \/>\n<meta property=\"og:image\" content=\"http:\/\/shs-staging.hemsida.eu\/wp-content\/uploads\/2024\/05\/urimeter-diuresis-plan-sm500.jpg\" \/>\n\t<meta property=\"og:image:width\" content=\"1314\" \/>\n\t<meta property=\"og:image:height\" content=\"1314\" \/>\n\t<meta property=\"og:image:type\" content=\"image\/jpeg\" \/>\n<meta name=\"twitter:card\" content=\"summary_large_image\" \/>\n<script type=\"application\/ld+json\" class=\"yoast-schema-graph\">{\"@context\":\"https:\/\/schema.org\",\"@graph\":[{\"@type\":\"WebPage\",\"@id\":\"http:\/\/shs-staging.hemsida.eu\/sv\/produkt\/urimeter-diuresis-plan-sm500\/\",\"url\":\"http:\/\/shs-staging.hemsida.eu\/sv\/produkt\/urimeter-diuresis-plan-sm500\/\",\"name\":\"Urimeter, Diuresis Plan SM500 - Swedish Hospital Supplies\",\"isPartOf\":{\"@id\":\"http:\/\/shs-staging.hemsida.eu\/en\/#website\"},\"primaryImageOfPage\":{\"@id\":\"http:\/\/shs-staging.hemsida.eu\/sv\/produkt\/urimeter-diuresis-plan-sm500\/#primaryimage\"},\"image\":{\"@id\":\"http:\/\/shs-staging.hemsida.eu\/sv\/produkt\/urimeter-diuresis-plan-sm500\/#primaryimage\"},\"thumbnailUrl\":\"http:\/\/shs-staging.hemsida.eu\/wp-content\/uploads\/2024\/05\/urimeter-diuresis-plan-sm500.jpg\",\"datePublished\":\"2024-05-17T11:15:53+00:00\",\"dateModified\":\"2024-10-08T11:31:35+00:00\",\"breadcrumb\":{\"@id\":\"http:\/\/shs-staging.hemsida.eu\/sv\/produkt\/urimeter-diuresis-plan-sm500\/#breadcrumb\"},\"inLanguage\":\"sv-SE\",\"potentialAction\":[{\"@type\":\"ReadAction\",\"target\":[\"http:\/\/shs-staging.hemsida.eu\/sv\/produkt\/urimeter-diuresis-plan-sm500\/\"]}]},{\"@type\":\"ImageObject\",\"inLanguage\":\"sv-SE\",\"@id\":\"http:\/\/shs-staging.hemsida.eu\/sv\/produkt\/urimeter-diuresis-plan-sm500\/#primaryimage\",\"url\":\"http:\/\/shs-staging.hemsida.eu\/wp-content\/uploads\/2024\/05\/urimeter-diuresis-plan-sm500.jpg\",\"contentUrl\":\"http:\/\/shs-staging.hemsida.eu\/wp-content\/uploads\/2024\/05\/urimeter-diuresis-plan-sm500.jpg\",\"width\":1314,\"height\":1314,\"caption\":\"urimeter diuresis plan sm500\"},{\"@type\":\"BreadcrumbList\",\"@id\":\"http:\/\/shs-staging.hemsida.eu\/sv\/produkt\/urimeter-diuresis-plan-sm500\/#breadcrumb\",\"itemListElement\":[{\"@type\":\"ListItem\",\"position\":1,\"name\":\"Home\",\"item\":\"https:\/\/shs-staging.hemsida.eu\/sv\/\"},{\"@type\":\"ListItem\",\"position\":2,\"name\":\"Webbutik\",\"item\":\"https:\/\/shs-staging.hemsida.eu\/sv\/butik\/\"},{\"@type\":\"ListItem\",\"position\":3,\"name\":\"Urimeter, Diuresis Plan SM500\"}]},{\"@type\":\"WebSite\",\"@id\":\"http:\/\/shs-staging.hemsida.eu\/en\/#website\",\"url\":\"http:\/\/shs-staging.hemsida.eu\/en\/\",\"name\":\"Swedish Hospital Supplies\",\"description\":\"Produkter f\u00f6r V\u00e5rden, Milit\u00e4ren, Fritid, Polis och R\u00e4ddningstj\u00e4nst\",\"publisher\":{\"@id\":\"http:\/\/shs-staging.hemsida.eu\/en\/#organization\"},\"potentialAction\":[{\"@type\":\"SearchAction\",\"target\":{\"@type\":\"EntryPoint\",\"urlTemplate\":\"http:\/\/shs-staging.hemsida.eu\/en\/?s={search_term_string}\"},\"query-input\":{\"@type\":\"PropertyValueSpecification\",\"valueRequired\":true,\"valueName\":\"search_term_string\"}}],\"inLanguage\":\"sv-SE\"},{\"@type\":\"Organization\",\"@id\":\"http:\/\/shs-staging.hemsida.eu\/en\/#organization\",\"name\":\"Swedish Hospital Supply\",\"url\":\"http:\/\/shs-staging.hemsida.eu\/en\/\",\"logo\":{\"@type\":\"ImageObject\",\"inLanguage\":\"sv-SE\",\"@id\":\"http:\/\/shs-staging.hemsida.eu\/en\/#\/schema\/logo\/image\/\",\"url\":\"https:\/\/shs-staging.hemsida.eu\/wp-content\/uploads\/2020\/10\/SHS-Logo.png\",\"contentUrl\":\"https:\/\/shs-staging.hemsida.eu\/wp-content\/uploads\/2020\/10\/SHS-Logo.png\",\"width\":2720,\"height\":1223,\"caption\":\"Swedish Hospital Supply\"},\"image\":{\"@id\":\"http:\/\/shs-staging.hemsida.eu\/en\/#\/schema\/logo\/image\/\"},\"sameAs\":[\"https:\/\/www.instagram.com\/swedish_hospital_supply_ab\/\"]}]}<\/script>\n<!-- \/ Yoast SEO plugin. -->","yoast_head_json":{"title":"Urimeter, Diuresis Plan SM500 - Swedish Hospital Supplies","robots":{"index":"noindex","follow":"follow","max-snippet":"max-snippet:-1","max-image-preview":"max-image-preview:large","max-video-preview":"max-video-preview:-1"},"og_locale":"sv_SE","og_type":"article","og_title":"Urimeter, Diuresis Plan SM500 - Swedish Hospital Supplies","og_description":"Urinm\u00e4tare DIURESIS f\u00f6r urinuppsamling, m\u00e4tning och n\u00e5lfri provtagning.","og_url":"http:\/\/shs-staging.hemsida.eu\/sv\/produkt\/urimeter-diuresis-plan-sm500\/","og_site_name":"Swedish Hospital Supplies","article_modified_time":"2024-10-08T11:31:35+00:00","og_image":[{"width":1314,"height":1314,"url":"http:\/\/shs-staging.hemsida.eu\/wp-content\/uploads\/2024\/05\/urimeter-diuresis-plan-sm500.jpg","type":"image\/jpeg"}],"twitter_card":"summary_large_image","schema":{"@context":"https:\/\/schema.org","@graph":[{"@type":"WebPage","@id":"http:\/\/shs-staging.hemsida.eu\/sv\/produkt\/urimeter-diuresis-plan-sm500\/","url":"http:\/\/shs-staging.hemsida.eu\/sv\/produkt\/urimeter-diuresis-plan-sm500\/","name":"Urimeter, Diuresis Plan SM500 - Swedish Hospital Supplies","isPartOf":{"@id":"http:\/\/shs-staging.hemsida.eu\/en\/#website"},"primaryImageOfPage":{"@id":"http:\/\/shs-staging.hemsida.eu\/sv\/produkt\/urimeter-diuresis-plan-sm500\/#primaryimage"},"image":{"@id":"http:\/\/shs-staging.hemsida.eu\/sv\/produkt\/urimeter-diuresis-plan-sm500\/#primaryimage"},"thumbnailUrl":"http:\/\/shs-staging.hemsida.eu\/wp-content\/uploads\/2024\/05\/urimeter-diuresis-plan-sm500.jpg","datePublished":"2024-05-17T11:15:53+00:00","dateModified":"2024-10-08T11:31:35+00:00","breadcrumb":{"@id":"http:\/\/shs-staging.hemsida.eu\/sv\/produkt\/urimeter-diuresis-plan-sm500\/#breadcrumb"},"inLanguage":"sv-SE","potentialAction":[{"@type":"ReadAction","target":["http:\/\/shs-staging.hemsida.eu\/sv\/produkt\/urimeter-diuresis-plan-sm500\/"]}]},{"@type":"ImageObject","inLanguage":"sv-SE","@id":"http:\/\/shs-staging.hemsida.eu\/sv\/produkt\/urimeter-diuresis-plan-sm500\/#primaryimage","url":"http:\/\/shs-staging.hemsida.eu\/wp-content\/uploads\/2024\/05\/urimeter-diuresis-plan-sm500.jpg","contentUrl":"http:\/\/shs-staging.hemsida.eu\/wp-content\/uploads\/2024\/05\/urimeter-diuresis-plan-sm500.jpg","width":1314,"height":1314,"caption":"urimeter diuresis plan sm500"},{"@type":"BreadcrumbList","@id":"http:\/\/shs-staging.hemsida.eu\/sv\/produkt\/urimeter-diuresis-plan-sm500\/#breadcrumb","itemListElement":[{"@type":"ListItem","position":1,"name":"Home","item":"https:\/\/shs-staging.hemsida.eu\/sv\/"},{"@type":"ListItem","position":2,"name":"Webbutik","item":"https:\/\/shs-staging.hemsida.eu\/sv\/butik\/"},{"@type":"ListItem","position":3,"name":"Urimeter, Diuresis Plan SM500"}]},{"@type":"WebSite","@id":"http:\/\/shs-staging.hemsida.eu\/en\/#website","url":"http:\/\/shs-staging.hemsida.eu\/en\/","name":"Swedish Hospital Supplies","description":"Produkter f\u00f6r V\u00e5rden, Milit\u00e4ren, Fritid, Polis och R\u00e4ddningstj\u00e4nst","publisher":{"@id":"http:\/\/shs-staging.hemsida.eu\/en\/#organization"},"potentialAction":[{"@type":"SearchAction","target":{"@type":"EntryPoint","urlTemplate":"http:\/\/shs-staging.hemsida.eu\/en\/?s={search_term_string}"},"query-input":{"@type":"PropertyValueSpecification","valueRequired":true,"valueName":"search_term_string"}}],"inLanguage":"sv-SE"},{"@type":"Organization","@id":"http:\/\/shs-staging.hemsida.eu\/en\/#organization","name":"Swedish Hospital Supply","url":"http:\/\/shs-staging.hemsida.eu\/en\/","logo":{"@type":"ImageObject","inLanguage":"sv-SE","@id":"http:\/\/shs-staging.hemsida.eu\/en\/#\/schema\/logo\/image\/","url":"https:\/\/shs-staging.hemsida.eu\/wp-content\/uploads\/2020\/10\/SHS-Logo.png","contentUrl":"https:\/\/shs-staging.hemsida.eu\/wp-content\/uploads\/2020\/10\/SHS-Logo.png","width":2720,"height":1223,"caption":"Swedish Hospital Supply"},"image":{"@id":"http:\/\/shs-staging.hemsida.eu\/en\/#\/schema\/logo\/image\/"},"sameAs":["https:\/\/www.instagram.com\/swedish_hospital_supply_ab\/"]}]}},"_links":{"self":[{"href":"http:\/\/shs-staging.hemsida.eu\/sv\/wp-json\/wp\/v2\/product\/2153","targetHints":{"allow":["GET"]}}],"collection":[{"href":"http:\/\/shs-staging.hemsida.eu\/sv\/wp-json\/wp\/v2\/product"}],"about":[{"href":"http:\/\/shs-staging.hemsida.eu\/sv\/wp-json\/wp\/v2\/types\/product"}],"replies":[{"embeddable":true,"href":"http:\/\/shs-staging.hemsida.eu\/sv\/wp-json\/wp\/v2\/comments?post=2153"}],"wp:featuredmedia":[{"embeddable":true,"href":"http:\/\/shs-staging.hemsida.eu\/sv\/wp-json\/wp\/v2\/media\/2154"}],"wp:attachment":[{"href":"http:\/\/shs-staging.hemsida.eu\/sv\/wp-json\/wp\/v2\/media?parent=2153"}],"wp:term":[{"taxonomy":"product_cat","embeddable":true,"href":"http:\/\/shs-staging.hemsida.eu\/sv\/wp-json\/wp\/v2\/product_cat?post=2153"},{"taxonomy":"product_tag","embeddable":true,"href":"http:\/\/shs-staging.hemsida.eu\/sv\/wp-json\/wp\/v2\/product_tag?post=2153"}],"curies":[{"name":"wp","href":"https:\/\/api.w.org\/{rel}","templated":true}]}}