{"id":1953,"date":"2023-07-07T09:25:47","date_gmt":"2023-07-07T07:25:47","guid":{"rendered":"https:\/\/shs-staging.hemsida.eu\/?post_type=product&#038;p=1953"},"modified":"2024-10-08T13:41:28","modified_gmt":"2024-10-08T11:41:28","slug":"resi-opep","status":"publish","type":"product","link":"http:\/\/shs-staging.hemsida.eu\/sv\/produkt\/resi-opep\/","title":{"rendered":"Resi Opep"},"content":{"rendered":"<p>Oscillerande andningstr\u00e4nare som hj\u00e4lper till att lossa klibbigt, tr\u00f6gflytande bronkialt slem, \u00e4ven med sammandragna luftv\u00e4gar. Resi Opep \u00e4r avsedd till att anv\u00e4ndas av patienter med Kronisk Obstruktiv Lungsjukdom, KOL.<\/p>\n<p><iframe loading=\"lazy\" title=\"YouTube video player\" src=\"https:\/\/www.youtube.com\/embed\/Bgx1a2IcEF4\" width=\"560\" height=\"315\" frameborder=\"0\" allowfullscreen=\"allowfullscreen\"><\/iframe><\/p>\n","protected":false},"excerpt":{"rendered":"<p>Oscillerande andningstr\u00e4nare som hj\u00e4lper till att lossa klibbigt, tr\u00f6gflytande bronkialt slem, \u00e4ven med sammandragna luftv\u00e4gar.<\/p>\n","protected":false},"featured_media":1955,"comment_status":"closed","ping_status":"closed","template":"","meta":{"_acf_changed":false,"_monsterinsights_skip_tracking":false,"_monsterinsights_sitenote_active":false,"_monsterinsights_sitenote_note":"","_monsterinsights_sitenote_category":0},"product_cat":[219,246],"product_tag":[],"class_list":{"0":"post-1953","1":"product","2":"type-product","3":"status-publish","4":"has-post-thumbnail","6":"product_cat-andning-anestesi","7":"product_cat-andningstranare","9":"first","10":"instock","11":"featured","12":"taxable","13":"shipping-taxable","14":"purchasable","15":"product-type-simple"},"acf":[],"yoast_head":"<!-- This site is optimized with the Yoast SEO plugin v24.1 - https:\/\/yoast.com\/wordpress\/plugins\/seo\/ -->\n<title>Resi Opep, Andningstr\u00e4nare - Swedish Hospital Supplies<\/title>\n<meta name=\"description\" content=\"Resi Opep, Oscillerande andningstr\u00e4nare som hj\u00e4lper till att lossa klibbigt, tr\u00f6gflytande bronkialt slem, \u00e4ven med sammandragna luftv\u00e4gar.\" \/>\n<meta name=\"robots\" content=\"noindex, follow, max-snippet:-1, max-image-preview:large, max-video-preview:-1\" \/>\n<meta property=\"og:locale\" content=\"sv_SE\" \/>\n<meta property=\"og:type\" content=\"article\" \/>\n<meta property=\"og:title\" content=\"Resi Opep, Andningstr\u00e4nare - Swedish Hospital Supplies\" \/>\n<meta property=\"og:description\" content=\"Resi Opep, Oscillerande andningstr\u00e4nare som hj\u00e4lper till att lossa klibbigt, tr\u00f6gflytande bronkialt slem, \u00e4ven med sammandragna luftv\u00e4gar.\" \/>\n<meta property=\"og:url\" content=\"http:\/\/shs-staging.hemsida.eu\/sv\/produkt\/resi-opep\/\" \/>\n<meta property=\"og:site_name\" content=\"Swedish Hospital Supplies\" \/>\n<meta property=\"article:modified_time\" content=\"2024-10-08T11:41:28+00:00\" \/>\n<meta property=\"og:image\" content=\"http:\/\/shs-staging.hemsida.eu\/wp-content\/uploads\/2023\/07\/resi-OPEP-leaflet.jpg\" \/>\n\t<meta property=\"og:image:width\" content=\"1093\" \/>\n\t<meta property=\"og:image:height\" content=\"1047\" \/>\n\t<meta property=\"og:image:type\" content=\"image\/jpeg\" \/>\n<meta name=\"twitter:card\" content=\"summary_large_image\" \/>\n<meta name=\"twitter:label1\" content=\"Ber\u00e4knad l\u00e4stid\" \/>\n\t<meta name=\"twitter:data1\" content=\"1 minut\" \/>\n<script type=\"application\/ld+json\" class=\"yoast-schema-graph\">{\"@context\":\"https:\/\/schema.org\",\"@graph\":[{\"@type\":\"WebPage\",\"@id\":\"http:\/\/shs-staging.hemsida.eu\/sv\/produkt\/resi-opep\/\",\"url\":\"http:\/\/shs-staging.hemsida.eu\/sv\/produkt\/resi-opep\/\",\"name\":\"Resi Opep, Andningstr\u00e4nare - Swedish Hospital Supplies\",\"isPartOf\":{\"@id\":\"http:\/\/shs-staging.hemsida.eu\/sv\/#website\"},\"primaryImageOfPage\":{\"@id\":\"http:\/\/shs-staging.hemsida.eu\/sv\/produkt\/resi-opep\/#primaryimage\"},\"image\":{\"@id\":\"http:\/\/shs-staging.hemsida.eu\/sv\/produkt\/resi-opep\/#primaryimage\"},\"thumbnailUrl\":\"http:\/\/shs-staging.hemsida.eu\/wp-content\/uploads\/2023\/07\/resi-OPEP-leaflet.jpg\",\"datePublished\":\"2023-07-07T07:25:47+00:00\",\"dateModified\":\"2024-10-08T11:41:28+00:00\",\"description\":\"Resi Opep, Oscillerande andningstr\u00e4nare som hj\u00e4lper till att lossa klibbigt, tr\u00f6gflytande bronkialt slem, \u00e4ven med sammandragna luftv\u00e4gar.\",\"breadcrumb\":{\"@id\":\"http:\/\/shs-staging.hemsida.eu\/sv\/produkt\/resi-opep\/#breadcrumb\"},\"inLanguage\":\"sv-SE\",\"potentialAction\":[{\"@type\":\"ReadAction\",\"target\":[\"http:\/\/shs-staging.hemsida.eu\/sv\/produkt\/resi-opep\/\"]}]},{\"@type\":\"ImageObject\",\"inLanguage\":\"sv-SE\",\"@id\":\"http:\/\/shs-staging.hemsida.eu\/sv\/produkt\/resi-opep\/#primaryimage\",\"url\":\"http:\/\/shs-staging.hemsida.eu\/wp-content\/uploads\/2023\/07\/resi-OPEP-leaflet.jpg\",\"contentUrl\":\"http:\/\/shs-staging.hemsida.eu\/wp-content\/uploads\/2023\/07\/resi-OPEP-leaflet.jpg\",\"width\":1093,\"height\":1047,\"caption\":\"resi OPEP leaflet\"},{\"@type\":\"BreadcrumbList\",\"@id\":\"http:\/\/shs-staging.hemsida.eu\/sv\/produkt\/resi-opep\/#breadcrumb\",\"itemListElement\":[{\"@type\":\"ListItem\",\"position\":1,\"name\":\"Home\",\"item\":\"http:\/\/shs-staging.hemsida.eu\/sv\/\"},{\"@type\":\"ListItem\",\"position\":2,\"name\":\"Webbutik\",\"item\":\"http:\/\/shs-staging.hemsida.eu\/sv\/butik\/\"},{\"@type\":\"ListItem\",\"position\":3,\"name\":\"Resi Opep\"}]},{\"@type\":\"WebSite\",\"@id\":\"http:\/\/shs-staging.hemsida.eu\/sv\/#website\",\"url\":\"http:\/\/shs-staging.hemsida.eu\/sv\/\",\"name\":\"Swedish Hospital Supplies\",\"description\":\"Produkter f\u00f6r V\u00e5rden, Milit\u00e4ren, Fritid, Polis och R\u00e4ddningstj\u00e4nst\",\"publisher\":{\"@id\":\"http:\/\/shs-staging.hemsida.eu\/sv\/#organization\"},\"potentialAction\":[{\"@type\":\"SearchAction\",\"target\":{\"@type\":\"EntryPoint\",\"urlTemplate\":\"http:\/\/shs-staging.hemsida.eu\/sv\/?s={search_term_string}\"},\"query-input\":{\"@type\":\"PropertyValueSpecification\",\"valueRequired\":true,\"valueName\":\"search_term_string\"}}],\"inLanguage\":\"sv-SE\"},{\"@type\":\"Organization\",\"@id\":\"http:\/\/shs-staging.hemsida.eu\/sv\/#organization\",\"name\":\"Swedish Hospital Supply\",\"url\":\"http:\/\/shs-staging.hemsida.eu\/sv\/\",\"logo\":{\"@type\":\"ImageObject\",\"inLanguage\":\"sv-SE\",\"@id\":\"http:\/\/shs-staging.hemsida.eu\/sv\/#\/schema\/logo\/image\/\",\"url\":\"https:\/\/shs-staging.hemsida.eu\/wp-content\/uploads\/2020\/10\/SHS-Logo.png\",\"contentUrl\":\"https:\/\/shs-staging.hemsida.eu\/wp-content\/uploads\/2020\/10\/SHS-Logo.png\",\"width\":2720,\"height\":1223,\"caption\":\"Swedish Hospital Supply\"},\"image\":{\"@id\":\"http:\/\/shs-staging.hemsida.eu\/sv\/#\/schema\/logo\/image\/\"},\"sameAs\":[\"https:\/\/www.instagram.com\/swedish_hospital_supply_ab\/\"]}]}<\/script>\n<!-- \/ Yoast SEO plugin. -->","yoast_head_json":{"title":"Resi Opep, Andningstr\u00e4nare - Swedish Hospital Supplies","description":"Resi Opep, Oscillerande andningstr\u00e4nare som hj\u00e4lper till att lossa klibbigt, tr\u00f6gflytande bronkialt slem, \u00e4ven med sammandragna luftv\u00e4gar.","robots":{"index":"noindex","follow":"follow","max-snippet":"max-snippet:-1","max-image-preview":"max-image-preview:large","max-video-preview":"max-video-preview:-1"},"og_locale":"sv_SE","og_type":"article","og_title":"Resi Opep, Andningstr\u00e4nare - Swedish Hospital Supplies","og_description":"Resi Opep, Oscillerande andningstr\u00e4nare som hj\u00e4lper till att lossa klibbigt, tr\u00f6gflytande bronkialt slem, \u00e4ven med sammandragna luftv\u00e4gar.","og_url":"http:\/\/shs-staging.hemsida.eu\/sv\/produkt\/resi-opep\/","og_site_name":"Swedish Hospital Supplies","article_modified_time":"2024-10-08T11:41:28+00:00","og_image":[{"width":1093,"height":1047,"url":"http:\/\/shs-staging.hemsida.eu\/wp-content\/uploads\/2023\/07\/resi-OPEP-leaflet.jpg","type":"image\/jpeg"}],"twitter_card":"summary_large_image","twitter_misc":{"Ber\u00e4knad l\u00e4stid":"1 minut"},"schema":{"@context":"https:\/\/schema.org","@graph":[{"@type":"WebPage","@id":"http:\/\/shs-staging.hemsida.eu\/sv\/produkt\/resi-opep\/","url":"http:\/\/shs-staging.hemsida.eu\/sv\/produkt\/resi-opep\/","name":"Resi Opep, Andningstr\u00e4nare - Swedish Hospital Supplies","isPartOf":{"@id":"http:\/\/shs-staging.hemsida.eu\/sv\/#website"},"primaryImageOfPage":{"@id":"http:\/\/shs-staging.hemsida.eu\/sv\/produkt\/resi-opep\/#primaryimage"},"image":{"@id":"http:\/\/shs-staging.hemsida.eu\/sv\/produkt\/resi-opep\/#primaryimage"},"thumbnailUrl":"http:\/\/shs-staging.hemsida.eu\/wp-content\/uploads\/2023\/07\/resi-OPEP-leaflet.jpg","datePublished":"2023-07-07T07:25:47+00:00","dateModified":"2024-10-08T11:41:28+00:00","description":"Resi Opep, Oscillerande andningstr\u00e4nare som hj\u00e4lper till att lossa klibbigt, tr\u00f6gflytande bronkialt slem, \u00e4ven med sammandragna luftv\u00e4gar.","breadcrumb":{"@id":"http:\/\/shs-staging.hemsida.eu\/sv\/produkt\/resi-opep\/#breadcrumb"},"inLanguage":"sv-SE","potentialAction":[{"@type":"ReadAction","target":["http:\/\/shs-staging.hemsida.eu\/sv\/produkt\/resi-opep\/"]}]},{"@type":"ImageObject","inLanguage":"sv-SE","@id":"http:\/\/shs-staging.hemsida.eu\/sv\/produkt\/resi-opep\/#primaryimage","url":"http:\/\/shs-staging.hemsida.eu\/wp-content\/uploads\/2023\/07\/resi-OPEP-leaflet.jpg","contentUrl":"http:\/\/shs-staging.hemsida.eu\/wp-content\/uploads\/2023\/07\/resi-OPEP-leaflet.jpg","width":1093,"height":1047,"caption":"resi OPEP leaflet"},{"@type":"BreadcrumbList","@id":"http:\/\/shs-staging.hemsida.eu\/sv\/produkt\/resi-opep\/#breadcrumb","itemListElement":[{"@type":"ListItem","position":1,"name":"Home","item":"http:\/\/shs-staging.hemsida.eu\/sv\/"},{"@type":"ListItem","position":2,"name":"Webbutik","item":"http:\/\/shs-staging.hemsida.eu\/sv\/butik\/"},{"@type":"ListItem","position":3,"name":"Resi Opep"}]},{"@type":"WebSite","@id":"http:\/\/shs-staging.hemsida.eu\/sv\/#website","url":"http:\/\/shs-staging.hemsida.eu\/sv\/","name":"Swedish Hospital Supplies","description":"Produkter f\u00f6r V\u00e5rden, Milit\u00e4ren, Fritid, Polis och R\u00e4ddningstj\u00e4nst","publisher":{"@id":"http:\/\/shs-staging.hemsida.eu\/sv\/#organization"},"potentialAction":[{"@type":"SearchAction","target":{"@type":"EntryPoint","urlTemplate":"http:\/\/shs-staging.hemsida.eu\/sv\/?s={search_term_string}"},"query-input":{"@type":"PropertyValueSpecification","valueRequired":true,"valueName":"search_term_string"}}],"inLanguage":"sv-SE"},{"@type":"Organization","@id":"http:\/\/shs-staging.hemsida.eu\/sv\/#organization","name":"Swedish Hospital Supply","url":"http:\/\/shs-staging.hemsida.eu\/sv\/","logo":{"@type":"ImageObject","inLanguage":"sv-SE","@id":"http:\/\/shs-staging.hemsida.eu\/sv\/#\/schema\/logo\/image\/","url":"https:\/\/shs-staging.hemsida.eu\/wp-content\/uploads\/2020\/10\/SHS-Logo.png","contentUrl":"https:\/\/shs-staging.hemsida.eu\/wp-content\/uploads\/2020\/10\/SHS-Logo.png","width":2720,"height":1223,"caption":"Swedish Hospital Supply"},"image":{"@id":"http:\/\/shs-staging.hemsida.eu\/sv\/#\/schema\/logo\/image\/"},"sameAs":["https:\/\/www.instagram.com\/swedish_hospital_supply_ab\/"]}]}},"_links":{"self":[{"href":"http:\/\/shs-staging.hemsida.eu\/sv\/wp-json\/wp\/v2\/product\/1953","targetHints":{"allow":["GET"]}}],"collection":[{"href":"http:\/\/shs-staging.hemsida.eu\/sv\/wp-json\/wp\/v2\/product"}],"about":[{"href":"http:\/\/shs-staging.hemsida.eu\/sv\/wp-json\/wp\/v2\/types\/product"}],"replies":[{"embeddable":true,"href":"http:\/\/shs-staging.hemsida.eu\/sv\/wp-json\/wp\/v2\/comments?post=1953"}],"wp:featuredmedia":[{"embeddable":true,"href":"http:\/\/shs-staging.hemsida.eu\/sv\/wp-json\/wp\/v2\/media\/1955"}],"wp:attachment":[{"href":"http:\/\/shs-staging.hemsida.eu\/sv\/wp-json\/wp\/v2\/media?parent=1953"}],"wp:term":[{"taxonomy":"product_cat","embeddable":true,"href":"http:\/\/shs-staging.hemsida.eu\/sv\/wp-json\/wp\/v2\/product_cat?post=1953"},{"taxonomy":"product_tag","embeddable":true,"href":"http:\/\/shs-staging.hemsida.eu\/sv\/wp-json\/wp\/v2\/product_tag?post=1953"}],"curies":[{"name":"wp","href":"https:\/\/api.w.org\/{rel}","templated":true}]}}